{"id":740,"date":"2025-04-24T11:16:06","date_gmt":"2025-04-24T11:16:06","guid":{"rendered":"https:\/\/basedeglissehardelot.fr\/activites\/?page_id=740"},"modified":"2025-07-20T10:02:06","modified_gmt":"2025-07-20T10:02:06","slug":"accueil","status":"publish","type":"page","link":"https:\/\/basedeglissehardelot.fr\/activites\/","title":{"rendered":"Accueil"},"content":{"rendered":"<style>.kb-row-layout-id740_137f78-b9 > .kt-row-column-wrap{align-content:start;}:where(.kb-row-layout-id740_137f78-b9 > .kt-row-column-wrap) > .wp-block-kadence-column{justify-content:start;}.kb-row-layout-id740_137f78-b9 > .kt-row-column-wrap{column-gap:var(--global-kb-gap-md, 2rem);row-gap:var(--global-kb-gap-none, 0rem );max-width:var( --global-content-width, 1290px );padding-left:var(--global-content-edge-padding);padding-right:var(--global-content-edge-padding);padding-bottom:var(--global-kb-spacing-xs, 1rem);grid-template-columns:minmax(0, 1fr);}.kb-row-layout-id740_137f78-b9 > .kt-row-layout-overlay{opacity:0.30;}@media all and (max-width: 1024px){.kb-row-layout-id740_137f78-b9 > .kt-row-column-wrap{grid-template-columns:minmax(0, 1fr);}}@media all and (max-width: 767px){.kb-row-layout-id740_137f78-b9 > .kt-row-column-wrap{grid-template-columns:minmax(0, 1fr);}}<\/style><div class=\"kb-row-layout-wrap kb-row-layout-id740_137f78-b9 alignnone wp-block-kadence-rowlayout\"><div class=\"kt-row-column-wrap kt-has-1-columns kt-row-layout-equal kt-tab-layout-inherit kt-mobile-layout-row kt-row-valign-top kb-theme-content-width\">\n<style>.kadence-column740_433e3c-ad > .kt-inside-inner-col{display:flex;}.kadence-column740_433e3c-ad > .kt-inside-inner-col,.kadence-column740_433e3c-ad > .kt-inside-inner-col:before{border-top-left-radius:0px;border-top-right-radius:0px;border-bottom-right-radius:0px;border-bottom-left-radius:0px;}.kadence-column740_433e3c-ad > .kt-inside-inner-col{column-gap:var(--global-kb-gap-sm, 1rem);}.kadence-column740_433e3c-ad > .kt-inside-inner-col{flex-direction:column;justify-content:center;}.kadence-column740_433e3c-ad > .kt-inside-inner-col > .aligncenter{width:100%;}.kt-row-column-wrap > .kadence-column740_433e3c-ad{align-self:center;}.kt-inner-column-height-full:not(.kt-has-1-columns) > .wp-block-kadence-column.kadence-column740_433e3c-ad{align-self:auto;}.kt-inner-column-height-full:not(.kt-has-1-columns) > .wp-block-kadence-column.kadence-column740_433e3c-ad > .kt-inside-inner-col{flex-direction:column;justify-content:center;}.kadence-column740_433e3c-ad > .kt-inside-inner-col:before{opacity:0.3;}.kadence-column740_433e3c-ad{position:relative;}@media all and (max-width: 1024px){.kt-row-column-wrap > .kadence-column740_433e3c-ad{align-self:center;}}@media all and (max-width: 1024px){.kt-inner-column-height-full:not(.kt-has-1-columns) > .wp-block-kadence-column.kadence-column740_433e3c-ad{align-self:auto;}}@media all and (max-width: 1024px){.kt-inner-column-height-full:not(.kt-has-1-columns) > .wp-block-kadence-column.kadence-column740_433e3c-ad > .kt-inside-inner-col{flex-direction:column;justify-content:center;}}@media all and (max-width: 1024px){.kadence-column740_433e3c-ad > .kt-inside-inner-col{flex-direction:column;justify-content:center;}}@media all and (max-width: 767px){.kt-row-column-wrap > .kadence-column740_433e3c-ad{align-self:center;}.kt-inner-column-height-full:not(.kt-has-1-columns) > .wp-block-kadence-column.kadence-column740_433e3c-ad{align-self:auto;}.kt-inner-column-height-full:not(.kt-has-1-columns) > .wp-block-kadence-column.kadence-column740_433e3c-ad > .kt-inside-inner-col{flex-direction:column;justify-content:center;}.kadence-column740_433e3c-ad > .kt-inside-inner-col{flex-direction:column;justify-content:center;}}<\/style>\n<div class=\"wp-block-kadence-column kadence-column740_433e3c-ad\"><div class=\"kt-inside-inner-col\"><div class=\"wp-block-image\">\n<figure class=\"aligncenter size-full\"><img loading=\"lazy\" decoding=\"async\" width=\"1200\" height=\"276\" src=\"https:\/\/basedeglissehardelot.fr\/activites\/wp-content\/uploads\/2025\/04\/base_de_glisse_activites.png\" alt=\"base de glisse\" class=\"wp-image-742\" style=\"object-fit:cover\" srcset=\"https:\/\/basedeglissehardelot.fr\/activites\/wp-content\/uploads\/2025\/04\/base_de_glisse_activites.png 1200w, https:\/\/basedeglissehardelot.fr\/activites\/wp-content\/uploads\/2025\/04\/base_de_glisse_activites-300x69.png 300w, https:\/\/basedeglissehardelot.fr\/activites\/wp-content\/uploads\/2025\/04\/base_de_glisse_activites-768x177.png 768w\" sizes=\"auto, (max-width: 1200px) 100vw, 1200px\" \/><\/figure>\n<\/div><\/div><\/div>\n\n<\/div><\/div>\n\n<style>.kb-row-layout-id740_170ad5-52 > .kt-row-column-wrap{align-content:start;}:where(.kb-row-layout-id740_170ad5-52 > .kt-row-column-wrap) > .wp-block-kadence-column{justify-content:start;}.kb-row-layout-id740_170ad5-52 > .kt-row-column-wrap{column-gap:var(--global-kb-gap-md, 2rem);row-gap:var(--global-kb-gap-none, 0rem );max-width:var( --global-content-width, 1290px );padding-left:var(--global-content-edge-padding);padding-right:var(--global-content-edge-padding);padding-top:var(--global-kb-spacing-sm, 1.5rem);padding-bottom:var(--global-kb-spacing-sm, 1.5rem);grid-template-columns:minmax(0, 1fr);}.kb-row-layout-id740_170ad5-52 > .kt-row-layout-overlay{opacity:0.30;}@media all and (max-width: 1024px){.kb-row-layout-id740_170ad5-52 > .kt-row-column-wrap{grid-template-columns:minmax(0, 1fr);}}@media all and (max-width: 767px){.kb-row-layout-id740_170ad5-52 > .kt-row-column-wrap{grid-template-columns:minmax(0, 1fr);}}<\/style><div class=\"kb-row-layout-wrap kb-row-layout-id740_170ad5-52 alignnone wp-block-kadence-rowlayout\"><div class=\"kt-row-column-wrap kt-has-2-columns kt-row-layout-row kt-tab-layout-inherit kt-mobile-layout-row kt-row-valign-top kb-theme-content-width\">\n<style>.kadence-column740_963ae5-6e > .kt-inside-inner-col,.kadence-column740_963ae5-6e > .kt-inside-inner-col:before{border-top-left-radius:0px;border-top-right-radius:0px;border-bottom-right-radius:0px;border-bottom-left-radius:0px;}.kadence-column740_963ae5-6e > .kt-inside-inner-col{column-gap:var(--global-kb-gap-sm, 1rem);}.kadence-column740_963ae5-6e > .kt-inside-inner-col{flex-direction:column;}.kadence-column740_963ae5-6e > .kt-inside-inner-col > .aligncenter{width:100%;}.kadence-column740_963ae5-6e > .kt-inside-inner-col:before{opacity:0.3;}.kadence-column740_963ae5-6e{text-align:center;}.kadence-column740_963ae5-6e{position:relative;}@media all and (max-width: 1024px){.kadence-column740_963ae5-6e > .kt-inside-inner-col{flex-direction:column;justify-content:center;}}@media all and (max-width: 767px){.kadence-column740_963ae5-6e > .kt-inside-inner-col{flex-direction:column;justify-content:center;}}<\/style>\n<div class=\"wp-block-kadence-column kadence-column740_963ae5-6e\"><div class=\"kt-inside-inner-col\">\n<p class=\"has-text-align-center has-theme-palette-4-color has-text-color has-link-color has-medium-font-size wp-elements-35b648bfd7a5ae72815f6b6ea8d4fca1\">Les activit\u00e9s sont propos\u00e9es par les associations&nbsp;:<\/p>\n<\/div><\/div>\n\n\n<style>.kadence-column740_8bff49-5b > .kt-inside-inner-col,.kadence-column740_8bff49-5b > .kt-inside-inner-col:before{border-top-left-radius:0px;border-top-right-radius:0px;border-bottom-right-radius:0px;border-bottom-left-radius:0px;}.kadence-column740_8bff49-5b > .kt-inside-inner-col{column-gap:var(--global-kb-gap-sm, 1rem);}.kadence-column740_8bff49-5b > .kt-inside-inner-col{flex-direction:column;}.kadence-column740_8bff49-5b > .kt-inside-inner-col > .aligncenter{width:100%;}.kadence-column740_8bff49-5b > .kt-inside-inner-col:before{opacity:0.3;}.kadence-column740_8bff49-5b{position:relative;}@media all and (max-width: 1024px){.kadence-column740_8bff49-5b > .kt-inside-inner-col{flex-direction:column;justify-content:center;}}@media all and (max-width: 767px){.kadence-column740_8bff49-5b > .kt-inside-inner-col{flex-direction:column;justify-content:center;}}<\/style>\n<div class=\"wp-block-kadence-column kadence-column740_8bff49-5b\"><div class=\"kt-inside-inner-col\"><style>.kb-row-layout-id740_6da5c9-7b > .kt-row-column-wrap{align-content:start;}:where(.kb-row-layout-id740_6da5c9-7b > .kt-row-column-wrap) > .wp-block-kadence-column{justify-content:start;}.kb-row-layout-id740_6da5c9-7b > .kt-row-column-wrap{column-gap:var(--global-kb-gap-md, 2rem);row-gap:var(--global-kb-gap-sm, 1rem);padding-top:var(--global-kb-spacing-sm, 1.5rem);padding-bottom:var(--global-kb-spacing-sm, 1.5rem);}.kb-row-layout-id740_6da5c9-7b > .kt-row-column-wrap > div:not(.added-for-specificity){grid-column:initial;}.kb-row-layout-id740_6da5c9-7b > .kt-row-column-wrap{grid-template-columns:repeat(3, minmax(0, 1fr));}.kb-row-layout-id740_6da5c9-7b > .kt-row-layout-overlay{opacity:0.30;}@media all and (max-width: 1024px){.kb-row-layout-id740_6da5c9-7b > .kt-row-column-wrap > div:not(.added-for-specificity){grid-column:initial;}}@media all and (max-width: 1024px){.kb-row-layout-id740_6da5c9-7b > .kt-row-column-wrap{grid-template-columns:repeat(3, minmax(0, 1fr));}}@media all and (max-width: 767px){.kb-row-layout-id740_6da5c9-7b > .kt-row-column-wrap > div:not(.added-for-specificity){grid-column:initial;}.kb-row-layout-id740_6da5c9-7b > .kt-row-column-wrap{grid-template-columns:minmax(0, 1fr);}}<\/style><div class=\"kb-row-layout-wrap kb-row-layout-id740_6da5c9-7b alignnone wp-block-kadence-rowlayout\"><div class=\"kt-row-column-wrap kt-has-3-columns kt-row-layout-equal kt-tab-layout-inherit kt-mobile-layout-row kt-row-valign-top\">\n<style>.kadence-column740_5e2bd0-21 > .kt-inside-inner-col,.kadence-column740_5e2bd0-21 > .kt-inside-inner-col:before{border-top-left-radius:0px;border-top-right-radius:0px;border-bottom-right-radius:0px;border-bottom-left-radius:0px;}.kadence-column740_5e2bd0-21 > .kt-inside-inner-col{column-gap:var(--global-kb-gap-sm, 1rem);}.kadence-column740_5e2bd0-21 > .kt-inside-inner-col{flex-direction:column;}.kadence-column740_5e2bd0-21 > .kt-inside-inner-col > .aligncenter{width:100%;}.kadence-column740_5e2bd0-21 > .kt-inside-inner-col:before{opacity:0.3;}.kadence-column740_5e2bd0-21{position:relative;}@media all and (max-width: 1024px){.kadence-column740_5e2bd0-21 > .kt-inside-inner-col{flex-direction:column;justify-content:center;}}@media all and (max-width: 767px){.kadence-column740_5e2bd0-21 > .kt-inside-inner-col{flex-direction:column;justify-content:center;}}<\/style>\n<div class=\"wp-block-kadence-column kadence-column740_5e2bd0-21\"><div class=\"kt-inside-inner-col\">\n<p class=\"has-text-align-center\"><a href=\"https:\/\/basedeglissehardelot.fr\/activites\/les-drakkars\/\" data-type=\"page\" data-id=\"662\"><mark style=\"background-color:rgba(0, 0, 0, 0)\" class=\"has-inline-color has-theme-palette-2-color\"><u>Les Drakkars<\/u><\/mark><\/a><br>pour le char \u00e0 voile<\/p>\n<\/div><\/div>\n\n\n<style>.kadence-column740_1e7637-05 > .kt-inside-inner-col,.kadence-column740_1e7637-05 > .kt-inside-inner-col:before{border-top-left-radius:0px;border-top-right-radius:0px;border-bottom-right-radius:0px;border-bottom-left-radius:0px;}.kadence-column740_1e7637-05 > .kt-inside-inner-col{column-gap:var(--global-kb-gap-sm, 1rem);}.kadence-column740_1e7637-05 > .kt-inside-inner-col{flex-direction:column;}.kadence-column740_1e7637-05 > .kt-inside-inner-col > .aligncenter{width:100%;}.kadence-column740_1e7637-05 > .kt-inside-inner-col:before{opacity:0.3;}.kadence-column740_1e7637-05{position:relative;}@media all and (max-width: 1024px){.kadence-column740_1e7637-05 > .kt-inside-inner-col{flex-direction:column;justify-content:center;}}@media all and (max-width: 767px){.kadence-column740_1e7637-05 > .kt-inside-inner-col{flex-direction:column;justify-content:center;}}<\/style>\n<div class=\"wp-block-kadence-column kadence-column740_1e7637-05\"><div class=\"kt-inside-inner-col\">\n<p class=\"has-text-align-center\"><a href=\"https:\/\/basedeglissehardelot.fr\/activites\/le-kmco\/\" data-type=\"page\" data-id=\"629\">Le KMCO<\/a><br>pour les sports de pagaie, le longe-c\u00f4te, la marche nordique et le fitness &amp; bien-\u00eatre<\/p>\n<\/div><\/div>\n\n\n<style>.kadence-column740_0c954b-bd > .kt-inside-inner-col,.kadence-column740_0c954b-bd > .kt-inside-inner-col:before{border-top-left-radius:0px;border-top-right-radius:0px;border-bottom-right-radius:0px;border-bottom-left-radius:0px;}.kadence-column740_0c954b-bd > .kt-inside-inner-col{column-gap:var(--global-kb-gap-sm, 1rem);}.kadence-column740_0c954b-bd > .kt-inside-inner-col{flex-direction:column;}.kadence-column740_0c954b-bd > .kt-inside-inner-col > .aligncenter{width:100%;}.kadence-column740_0c954b-bd > .kt-inside-inner-col:before{opacity:0.3;}.kadence-column740_0c954b-bd{position:relative;}@media all and (max-width: 1024px){.kadence-column740_0c954b-bd > .kt-inside-inner-col{flex-direction:column;justify-content:center;}}@media all and (max-width: 767px){.kadence-column740_0c954b-bd > .kt-inside-inner-col{flex-direction:column;justify-content:center;}}<\/style>\n<div class=\"wp-block-kadence-column kadence-column740_0c954b-bd\"><div class=\"kt-inside-inner-col\">\n<p class=\"has-text-align-center\"><a href=\"https:\/\/basedeglissehardelot.fr\/activites\/le-club-nautique-dhardelot\/\" data-type=\"page\" data-id=\"679\">Le Club Nautique d&rsquo;Hardelot<\/a><br>pour les activit\u00e9s nautiques<\/p>\n<\/div><\/div>\n\n<\/div><\/div><\/div><\/div>\n\n<\/div><\/div>\n\n\n<p><\/p>\n","protected":false},"excerpt":{"rendered":"<p>Les activit\u00e9s sont propos\u00e9es par les associations&nbsp;: Les Drakkarspour le char \u00e0 voile Le KMCOpour les sports de pagaie, le longe-c\u00f4te, la marche nordique et le fitness &amp; bien-\u00eatre Le Club Nautique d&rsquo;Hardelotpour les activit\u00e9s nautiques<\/p>\n","protected":false},"author":5,"featured_media":0,"parent":0,"menu_order":0,"comment_status":"closed","ping_status":"closed","template":"","meta":{"_kad_post_transparent":"","_kad_post_title":"","_kad_post_layout":"","_kad_post_sidebar_id":"","_kad_post_content_style":"","_kad_post_vertical_padding":"","_kad_post_feature":"","_kad_post_feature_position":"","_kad_post_header":false,"_kad_post_footer":false,"_kad_post_classname":"","footnotes":""},"class_list":["post-740","page","type-page","status-publish","hentry"],"_links":{"self":[{"href":"https:\/\/basedeglissehardelot.fr\/activites\/wp-json\/wp\/v2\/pages\/740","targetHints":{"allow":["GET"]}}],"collection":[{"href":"https:\/\/basedeglissehardelot.fr\/activites\/wp-json\/wp\/v2\/pages"}],"about":[{"href":"https:\/\/basedeglissehardelot.fr\/activites\/wp-json\/wp\/v2\/types\/page"}],"author":[{"embeddable":true,"href":"https:\/\/basedeglissehardelot.fr\/activites\/wp-json\/wp\/v2\/users\/5"}],"replies":[{"embeddable":true,"href":"https:\/\/basedeglissehardelot.fr\/activites\/wp-json\/wp\/v2\/comments?post=740"}],"version-history":[{"count":6,"href":"https:\/\/basedeglissehardelot.fr\/activites\/wp-json\/wp\/v2\/pages\/740\/revisions"}],"predecessor-version":[{"id":985,"href":"https:\/\/basedeglissehardelot.fr\/activites\/wp-json\/wp\/v2\/pages\/740\/revisions\/985"}],"wp:attachment":[{"href":"https:\/\/basedeglissehardelot.fr\/activites\/wp-json\/wp\/v2\/media?parent=740"}],"curies":[{"name":"wp","href":"https:\/\/api.w.org\/{rel}","templated":true}]}}